{"id":4710,"date":"2025-06-27T03:58:04","date_gmt":"2025-06-27T03:58:04","guid":{"rendered":"https:\/\/madeflex.com.co\/projects\/"},"modified":"2025-08-19T19:04:29","modified_gmt":"2025-08-19T19:04:29","slug":"projects","status":"publish","type":"page","link":"https:\/\/madeflex.com.co\/en\/projects\/","title":{"rendered":"Projects"},"content":{"rendered":"\t\t<div data-elementor-type=\"wp-page\" data-elementor-id=\"4710\" class=\"elementor elementor-4710 elementor-4358\" data-elementor-post-type=\"page\">\n\t\t\t\t<div class=\"elementor-element elementor-element-038220d e-flex e-con-boxed e-con e-parent\" data-id=\"038220d\" data-element_type=\"container\" data-e-type=\"container\">\n\t\t\t\t\t<div class=\"e-con-inner\">\n\t\t\t\t<div class=\"elementor-element elementor-element-ee586f8 elementor-widget elementor-widget-heading\" data-id=\"ee586f8\" data-element_type=\"widget\" data-e-type=\"widget\" data-widget_type=\"heading.default\">\n\t\t\t\t<div class=\"elementor-widget-container\">\n\t\t\t\t\t<h1 class=\"elementor-heading-title elementor-size-default\">clients<\/h1>\t\t\t\t<\/div>\n\t\t\t\t<\/div>\n\t\t\t\t\t<\/div>\n\t\t\t\t<\/div>\n\t\t<div class=\"elementor-element elementor-element-f568b07 e-flex e-con-boxed e-con e-parent\" data-id=\"f568b07\" data-element_type=\"container\" data-e-type=\"container\">\n\t\t\t\t\t<div class=\"e-con-inner\">\n\t\t\t\t<div class=\"elementor-element elementor-element-7cab9c6 elementor-pagination-type-bullets elementor-arrows-position-inside elementor-pagination-position-outside elementor-widget elementor-widget-n-carousel\" data-id=\"7cab9c6\" data-element_type=\"widget\" data-e-type=\"widget\" data-settings=\"{&quot;carousel_items&quot;:[{&quot;slide_title&quot;:&quot;Diapositiva n\\u00ba 1&quot;,&quot;_id&quot;:&quot;dadc8ea&quot;},{&quot;slide_title&quot;:&quot;Diapositiva n\\u00ba 2&quot;,&quot;_id&quot;:&quot;81e46c6&quot;},{&quot;slide_title&quot;:&quot;Diapositiva n\\u00ba 3&quot;,&quot;_id&quot;:&quot;c166113&quot;},{&quot;slide_title&quot;:&quot;Diapositiva n\\u00ba 4&quot;,&quot;_id&quot;:&quot;b1c18c1&quot;}],&quot;slides_to_show&quot;:&quot;3&quot;,&quot;slides_to_show_tablet&quot;:&quot;2&quot;,&quot;slides_to_show_mobile&quot;:&quot;1&quot;,&quot;autoplay&quot;:&quot;yes&quot;,&quot;autoplay_speed&quot;:5000,&quot;pause_on_hover&quot;:&quot;yes&quot;,&quot;pause_on_interaction&quot;:&quot;yes&quot;,&quot;infinite&quot;:&quot;yes&quot;,&quot;speed&quot;:500,&quot;offset_sides&quot;:&quot;none&quot;,&quot;arrows&quot;:&quot;yes&quot;,&quot;pagination&quot;:&quot;bullets&quot;,&quot;image_spacing_custom&quot;:{&quot;unit&quot;:&quot;px&quot;,&quot;size&quot;:10,&quot;sizes&quot;:[]},&quot;image_spacing_custom_tablet&quot;:{&quot;unit&quot;:&quot;px&quot;,&quot;size&quot;:&quot;&quot;,&quot;sizes&quot;:[]},&quot;image_spacing_custom_mobile&quot;:{&quot;unit&quot;:&quot;px&quot;,&quot;size&quot;:&quot;&quot;,&quot;sizes&quot;:[]}}\" data-widget_type=\"nested-carousel.default\">\n\t\t\t\t<div class=\"elementor-widget-container\">\n\t\t\t\t\t\t\t<div class=\"e-n-carousel swiper\" role=\"region\" aria-roledescription=\"carousel\" aria-label=\"Carrusel\" dir=\"ltr\">\n\t\t\t<div class=\"swiper-wrapper\" aria-live=\"off\">\n\t\t\t\t\t\t\t\t\t\t<div class=\"swiper-slide\" data-slide=\"1\" role=\"group\" aria-roledescription=\"slide\" aria-label=\"1 of 4\">\n\t\t\t\t\t\t\t<div class=\"elementor-element elementor-element-8ea3cc0 e-flex e-con-boxed e-con e-child\" data-id=\"8ea3cc0\" data-element_type=\"container\" data-e-type=\"container\">\n\t\t\t\t\t<div class=\"e-con-inner\">\n\t\t\t\t<div class=\"elementor-element elementor-element-c594806 elementor--h-position-center elementor--v-position-middle elementor-pagination-position-inside elementor-widget elementor-widget-slides\" data-id=\"c594806\" data-element_type=\"widget\" data-e-type=\"widget\" data-settings=\"{&quot;navigation&quot;:&quot;dots&quot;,&quot;autoplay&quot;:&quot;yes&quot;,&quot;pause_on_hover&quot;:&quot;yes&quot;,&quot;pause_on_interaction&quot;:&quot;yes&quot;,&quot;autoplay_speed&quot;:5000,&quot;infinite&quot;:&quot;yes&quot;,&quot;transition&quot;:&quot;slide&quot;,&quot;transition_speed&quot;:500}\" data-widget_type=\"slides.default\">\n\t\t\t\t<div class=\"elementor-widget-container\">\n\t\t\t\t\t\t\t\t\t<div class=\"elementor-swiper\">\n\t\t\t\t\t<div class=\"elementor-slides-wrapper elementor-main-swiper swiper\" role=\"region\" aria-roledescription=\"carousel\" aria-label=\"Diapositivas\" dir=\"ltr\" data-animation=\"fadeInUp\">\n\t\t\t\t<div class=\"swiper-wrapper elementor-slides\">\n\t\t\t\t\t\t\t\t\t\t<div class=\"elementor-repeater-item-ff7cbff swiper-slide\" role=\"group\" aria-roledescription=\"slide\"><div class=\"swiper-slide-bg\" role=\"img\"><\/div><div class=\"elementor-background-overlay\"><\/div><div class=\"swiper-slide-inner\" ><div class=\"swiper-slide-contents\"><div class=\"elementor-slide-heading\">Marval<\/div><div class=\"elementor-slide-description\">FIRENZE <br>\nCOCUY<br>\nAZUCENA<br>\nSOLARIO<br>\nLAUREL<\/div><\/div><\/div><\/div><div class=\"elementor-repeater-item-c3d71dd swiper-slide\" role=\"group\" aria-roledescription=\"slide\"><div class=\"swiper-slide-bg\" role=\"img\"><\/div><div class=\"elementor-background-overlay\"><\/div><div class=\"swiper-slide-inner\" ><div class=\"swiper-slide-contents\"><div class=\"elementor-slide-heading\">Marval SAS<\/div><div class=\"elementor-slide-description\">CHAMONIX <br>\nLA CABRERA <br>\nLA PALMA<br>\nLA PE\u00d1A<br>\nLOIRA<br>\nPASEO SAN RAFAEL ET 1<\/div><\/div><\/div><\/div>\t\t\t\t<\/div>\n\t\t\t\t\t\t\t\t\t\t\t\t\t\t\t\t\t\t\t\t<div class=\"swiper-pagination\"><\/div>\n\t\t\t\t\t\t\t\t\t\t\t\t<\/div>\n\t\t\t\t<\/div>\n\t\t\t\t\t\t\t\t<\/div>\n\t\t\t\t<\/div>\n\t\t\t\t\t<\/div>\n\t\t\t\t<\/div>\n\t\t\t\t\t\t\t\t<\/div>\n\t\t\t\t\t\t\t\t\t\t\t<div class=\"swiper-slide\" data-slide=\"2\" role=\"group\" aria-roledescription=\"slide\" aria-label=\"2 of 4\">\n\t\t\t\t\t\t\t<div class=\"elementor-element elementor-element-2b4846c e-flex e-con-boxed e-con e-child\" data-id=\"2b4846c\" data-element_type=\"container\" data-e-type=\"container\">\n\t\t\t\t\t<div class=\"e-con-inner\">\n\t\t\t\t<div class=\"elementor-element elementor-element-1c6fcde elementor--h-position-center elementor--v-position-middle elementor-arrows-position-inside elementor-pagination-position-inside elementor-widget elementor-widget-slides\" data-id=\"1c6fcde\" data-element_type=\"widget\" data-e-type=\"widget\" data-settings=\"{&quot;navigation&quot;:&quot;both&quot;,&quot;autoplay&quot;:&quot;yes&quot;,&quot;pause_on_hover&quot;:&quot;yes&quot;,&quot;pause_on_interaction&quot;:&quot;yes&quot;,&quot;autoplay_speed&quot;:5000,&quot;infinite&quot;:&quot;yes&quot;,&quot;transition&quot;:&quot;slide&quot;,&quot;transition_speed&quot;:500}\" data-widget_type=\"slides.default\">\n\t\t\t\t<div class=\"elementor-widget-container\">\n\t\t\t\t\t\t\t\t\t<div class=\"elementor-swiper\">\n\t\t\t\t\t<div class=\"elementor-slides-wrapper elementor-main-swiper swiper\" role=\"region\" aria-roledescription=\"carousel\" aria-label=\"Diapositivas\" dir=\"ltr\" data-animation=\"fadeInUp\">\n\t\t\t\t<div class=\"swiper-wrapper elementor-slides\">\n\t\t\t\t\t\t\t\t\t\t<div class=\"elementor-repeater-item-ff7cbff swiper-slide\" role=\"group\" aria-roledescription=\"slide\"><div class=\"swiper-slide-bg\" role=\"img\"><\/div><div class=\"elementor-background-overlay\"><\/div><div class=\"swiper-slide-inner\" ><div class=\"swiper-slide-contents\"><div class=\"elementor-slide-heading\">CONSTRUCTORA CAPITAL BOGOTA SAS  <\/div><div class=\"elementor-slide-description\">FLORECER<br>\nLOS PINOS<br>\nPRIMAVERA<br>\nSERENA<br>\nVENTURA ALEGR\u00cdA<br>\nZEFIRO<\/div><\/div><\/div><\/div>\t\t\t\t<\/div>\n\t\t\t\t\t\t\t<\/div>\n\t\t\t\t<\/div>\n\t\t\t\t\t\t\t\t<\/div>\n\t\t\t\t<\/div>\n\t\t\t\t\t<\/div>\n\t\t\t\t<\/div>\n\t\t\t\t\t\t\t\t<\/div>\n\t\t\t\t\t\t\t\t\t\t\t<div class=\"swiper-slide\" data-slide=\"3\" role=\"group\" aria-roledescription=\"slide\" aria-label=\"3 of 4\">\n\t\t\t\t\t\t\t<div class=\"elementor-element elementor-element-0a4b967 e-flex e-con-boxed e-con e-child\" data-id=\"0a4b967\" data-element_type=\"container\" data-e-type=\"container\">\n\t\t\t\t\t<div class=\"e-con-inner\">\n\t\t\t\t<div class=\"elementor-element elementor-element-a45d3b6 elementor--h-position-center elementor--v-position-middle elementor-arrows-position-inside elementor-pagination-position-inside elementor-widget elementor-widget-slides\" data-id=\"a45d3b6\" data-element_type=\"widget\" data-e-type=\"widget\" data-settings=\"{&quot;navigation&quot;:&quot;both&quot;,&quot;autoplay&quot;:&quot;yes&quot;,&quot;pause_on_hover&quot;:&quot;yes&quot;,&quot;pause_on_interaction&quot;:&quot;yes&quot;,&quot;autoplay_speed&quot;:5000,&quot;infinite&quot;:&quot;yes&quot;,&quot;transition&quot;:&quot;slide&quot;,&quot;transition_speed&quot;:500}\" data-widget_type=\"slides.default\">\n\t\t\t\t<div class=\"elementor-widget-container\">\n\t\t\t\t\t\t\t\t\t<div class=\"elementor-swiper\">\n\t\t\t\t\t<div class=\"elementor-slides-wrapper elementor-main-swiper swiper\" role=\"region\" aria-roledescription=\"carousel\" aria-label=\"Diapositivas\" dir=\"ltr\" data-animation=\"fadeInUp\">\n\t\t\t\t<div class=\"swiper-wrapper elementor-slides\">\n\t\t\t\t\t\t\t\t\t\t<div class=\"elementor-repeater-item-ff7cbff swiper-slide\" role=\"group\" aria-roledescription=\"slide\"><div class=\"swiper-slide-bg\" role=\"img\"><\/div><div class=\"elementor-background-overlay\"><\/div><div class=\"swiper-slide-inner\" ><div class=\"swiper-slide-contents\"><div class=\"elementor-slide-heading\">CONSTRUCTORA CAPITAL MEDELL\u00cdN<\/div><div class=\"elementor-slide-description\">BIOCITY GRAN<br>\nBIOCITY EPIC<br>\nBOSQUE DEL R\u00cdO<br>\nONIX<br>\nCORALINA<br>\nURBANILY<br>\nPOL\u00cdTICOS URBANILY 1<br>\nPOL\u00cdTICOS URBANILY 2<br>\nARTIKO<br>\nNATURE AQUA<br><\/div><\/div><\/div><\/div>\t\t\t\t<\/div>\n\t\t\t\t\t\t\t<\/div>\n\t\t\t\t<\/div>\n\t\t\t\t\t\t\t\t<\/div>\n\t\t\t\t<\/div>\n\t\t\t\t\t<\/div>\n\t\t\t\t<\/div>\n\t\t\t\t\t\t\t\t<\/div>\n\t\t\t\t\t\t\t\t\t\t\t<div class=\"swiper-slide\" data-slide=\"4\" role=\"group\" aria-roledescription=\"slide\" aria-label=\"4 of 4\">\n\t\t\t\t\t\t\t<div class=\"elementor-element elementor-element-1e5a3f6 e-flex e-con-boxed e-con e-child\" data-id=\"1e5a3f6\" data-element_type=\"container\" data-e-type=\"container\">\n\t\t\t\t\t<div class=\"e-con-inner\">\n\t\t\t\t<div class=\"elementor-element elementor-element-9d9bf04 elementor--h-position-center elementor--v-position-middle elementor-arrows-position-inside elementor-pagination-position-inside elementor-widget elementor-widget-slides\" data-id=\"9d9bf04\" data-element_type=\"widget\" data-e-type=\"widget\" data-settings=\"{&quot;navigation&quot;:&quot;both&quot;,&quot;autoplay&quot;:&quot;yes&quot;,&quot;pause_on_hover&quot;:&quot;yes&quot;,&quot;pause_on_interaction&quot;:&quot;yes&quot;,&quot;autoplay_speed&quot;:5000,&quot;infinite&quot;:&quot;yes&quot;,&quot;transition&quot;:&quot;slide&quot;,&quot;transition_speed&quot;:500}\" data-widget_type=\"slides.default\">\n\t\t\t\t<div class=\"elementor-widget-container\">\n\t\t\t\t\t\t\t\t\t<div class=\"elementor-swiper\">\n\t\t\t\t\t<div class=\"elementor-slides-wrapper elementor-main-swiper swiper\" role=\"region\" aria-roledescription=\"carousel\" aria-label=\"Diapositivas\" dir=\"ltr\" data-animation=\"fadeInUp\">\n\t\t\t\t<div class=\"swiper-wrapper elementor-slides\">\n\t\t\t\t\t\t\t\t\t\t<div class=\"elementor-repeater-item-ff7cbff swiper-slide\" role=\"group\" aria-roledescription=\"slide\"><div class=\"swiper-slide-bg\" role=\"img\"><\/div><div class=\"elementor-background-overlay\"><\/div><div class=\"swiper-slide-inner\" ><div class=\"swiper-slide-contents\"><div class=\"elementor-slide-heading\">CONINSA<\/div><div class=\"elementor-slide-description\">LAS PALMAS - 1 - TORRE<br>\nMURANO<br>\n\nMADEIRA<br>\n\nNUVOLY 44<br>\n\nNUVOLY 53<\/div><\/div><\/div><\/div>\t\t\t\t<\/div>\n\t\t\t\t\t\t\t<\/div>\n\t\t\t\t<\/div>\n\t\t\t\t\t\t\t\t<\/div>\n\t\t\t\t<\/div>\n\t\t\t\t\t<\/div>\n\t\t\t\t<\/div>\n\t\t\t\t\t\t\t\t<\/div>\n\t\t\t\t\t\t\t\t<\/div>\n\t\t<\/div>\n\t\t\t\t\t<div class=\"elementor-swiper-button elementor-swiper-button-prev\" role=\"button\" tabindex=\"0\" aria-label=\"Previous\">\n\t\t\t\t<svg aria-hidden=\"true\" class=\"e-font-icon-svg e-eicon-chevron-left\" viewBox=\"0 0 1000 1000\" xmlns=\"http:\/\/www.w3.org\/2000\/svg\"><path d=\"M646 125C629 125 613 133 604 142L308 442C296 454 292 471 292 487 292 504 296 521 308 533L604 854C617 867 629 875 646 875 663 875 679 871 692 858 704 846 713 829 713 812 713 796 708 779 692 767L438 487 692 225C700 217 708 204 708 187 708 171 704 154 692 142 675 129 663 125 646 125Z\"><\/path><\/svg>\t\t\t<\/div>\n\t\t\t<div class=\"elementor-swiper-button elementor-swiper-button-next\" role=\"button\" tabindex=\"0\" aria-label=\"Next\">\n\t\t\t\t<svg aria-hidden=\"true\" class=\"e-font-icon-svg e-eicon-chevron-right\" viewBox=\"0 0 1000 1000\" xmlns=\"http:\/\/www.w3.org\/2000\/svg\"><path d=\"M696 533C708 521 713 504 713 487 713 471 708 454 696 446L400 146C388 133 375 125 354 125 338 125 325 129 313 142 300 154 292 171 292 187 292 204 296 221 308 233L563 492 304 771C292 783 288 800 288 817 288 833 296 850 308 863 321 871 338 875 354 875 371 875 388 867 400 854L696 533Z\"><\/path><\/svg>\t\t\t<\/div>\n\t\t\t\t\t<div class=\"swiper-pagination\"><\/div>\n\t\t\t\t\t\t<\/div>\n\t\t\t\t<\/div>\n\t\t\t\t\t<\/div>\n\t\t\t\t<\/div>\n\t\t\t\t<\/div>\n\t\t","protected":false},"excerpt":{"rendered":"<p>clients MarvalFIRENZE COCUY AZUCENA SOLARIO LAURELMarval SASCHAMONIX LA CABRERA LA PALMA LA PE\u00d1A LOIRA PASEO SAN RAFAEL ET 1 CONSTRUCTORA CAPITAL BOGOTA SAS FLORECER LOS PINOS PRIMAVERA SERENA VENTURA ALEGR\u00cdA ZEFIRO CONSTRUCTORA CAPITAL MEDELL\u00cdNBIOCITY GRAN BIOCITY EPIC BOSQUE DEL R\u00cdO ONIX CORALINA URBANILY POL\u00cdTICOS URBANILY 1 POL\u00cdTICOS URBANILY 2 ARTIKO NATURE AQUA CONINSALAS PALMAS &#8211; [&hellip;]<\/p>\n","protected":false},"author":2,"featured_media":0,"parent":0,"menu_order":0,"comment_status":"closed","ping_status":"closed","template":"","meta":{"_joinchat":[],"footnotes":""},"class_list":["post-4710","page","type-page","status-publish","hentry"],"yoast_head":"<!-- This site is optimized with the Yoast SEO plugin v27.4 - https:\/\/yoast.com\/product\/yoast-seo-wordpress\/ -->\n<title>Projects - Madeflex S.A.<\/title>\n<meta name=\"robots\" content=\"index, follow, max-snippet:-1, max-image-preview:large, max-video-preview:-1\" \/>\n<link rel=\"canonical\" href=\"https:\/\/madeflex.com.co\/proyectos\/\" \/>\n<meta property=\"og:locale\" content=\"en_US\" \/>\n<meta property=\"og:type\" content=\"article\" \/>\n<meta property=\"og:title\" content=\"Projects - Madeflex S.A.\" \/>\n<meta property=\"og:description\" content=\"clients MarvalFIRENZE COCUY AZUCENA SOLARIO LAURELMarval SASCHAMONIX LA CABRERA LA PALMA LA PE\u00d1A LOIRA PASEO SAN RAFAEL ET 1 CONSTRUCTORA CAPITAL BOGOTA SAS FLORECER LOS PINOS PRIMAVERA SERENA VENTURA ALEGR\u00cdA ZEFIRO CONSTRUCTORA CAPITAL MEDELL\u00cdNBIOCITY GRAN BIOCITY EPIC BOSQUE DEL R\u00cdO ONIX CORALINA URBANILY POL\u00cdTICOS URBANILY 1 POL\u00cdTICOS URBANILY 2 ARTIKO NATURE AQUA CONINSALAS PALMAS &#8211; [&hellip;]\" \/>\n<meta property=\"og:url\" content=\"https:\/\/madeflex.com.co\/proyectos\/\" \/>\n<meta property=\"og:site_name\" content=\"Madeflex S.A.\" \/>\n<meta property=\"article:modified_time\" content=\"2025-08-19T19:04:29+00:00\" \/>\n<meta property=\"og:image\" content=\"https:\/\/madeflex.com.co\/wp-content\/uploads\/2025\/08\/Portada-Madeflex.jpg\" \/>\n\t<meta property=\"og:image:width\" content=\"1200\" \/>\n\t<meta property=\"og:image:height\" content=\"675\" \/>\n\t<meta property=\"og:image:type\" content=\"image\/jpeg\" \/>\n<meta name=\"twitter:card\" content=\"summary_large_image\" \/>\n<meta name=\"twitter:label1\" content=\"Est. reading time\" \/>\n\t<meta name=\"twitter:data1\" content=\"1 minute\" \/>\n<script type=\"application\/ld+json\" class=\"yoast-schema-graph\">{\"@context\":\"https:\\\/\\\/schema.org\",\"@graph\":[{\"@type\":\"WebPage\",\"@id\":\"https:\\\/\\\/madeflex.com.co\\\/proyectos\\\/\",\"url\":\"https:\\\/\\\/madeflex.com.co\\\/proyectos\\\/\",\"name\":\"Projects - Madeflex S.A.\",\"isPartOf\":{\"@id\":\"https:\\\/\\\/madeflex.com.co\\\/#website\"},\"datePublished\":\"2025-06-27T03:58:04+00:00\",\"dateModified\":\"2025-08-19T19:04:29+00:00\",\"breadcrumb\":{\"@id\":\"https:\\\/\\\/madeflex.com.co\\\/proyectos\\\/#breadcrumb\"},\"inLanguage\":\"en-US\",\"potentialAction\":[{\"@type\":\"ReadAction\",\"target\":[\"https:\\\/\\\/madeflex.com.co\\\/proyectos\\\/\"]}]},{\"@type\":\"BreadcrumbList\",\"@id\":\"https:\\\/\\\/madeflex.com.co\\\/proyectos\\\/#breadcrumb\",\"itemListElement\":[{\"@type\":\"ListItem\",\"position\":1,\"name\":\"Portada\",\"item\":\"https:\\\/\\\/madeflex.com.co\\\/en\\\/\"},{\"@type\":\"ListItem\",\"position\":2,\"name\":\"Projects\"}]},{\"@type\":\"WebSite\",\"@id\":\"https:\\\/\\\/madeflex.com.co\\\/#website\",\"url\":\"https:\\\/\\\/madeflex.com.co\\\/\",\"name\":\"Madeflex S.A.\",\"description\":\"M\u00e1s de 75 a\u00f1os transformando la madera en soluciones confiables. Desde 1947, Madeflex ha desarrollado productos de madera de alta calidad para Colombia y el mundo. Con tecnolog\u00eda, sostenibilidad y un compromiso constante con la excelencia, creamos puertas, cl\u00f3sets y soluciones que perduran.\",\"publisher\":{\"@id\":\"https:\\\/\\\/madeflex.com.co\\\/#organization\"},\"potentialAction\":[{\"@type\":\"SearchAction\",\"target\":{\"@type\":\"EntryPoint\",\"urlTemplate\":\"https:\\\/\\\/madeflex.com.co\\\/?s={search_term_string}\"},\"query-input\":{\"@type\":\"PropertyValueSpecification\",\"valueRequired\":true,\"valueName\":\"search_term_string\"}}],\"inLanguage\":\"en-US\"},{\"@type\":\"Organization\",\"@id\":\"https:\\\/\\\/madeflex.com.co\\\/#organization\",\"name\":\"Madeflex S.A\",\"url\":\"https:\\\/\\\/madeflex.com.co\\\/\",\"logo\":{\"@type\":\"ImageObject\",\"inLanguage\":\"en-US\",\"@id\":\"https:\\\/\\\/madeflex.com.co\\\/#\\\/schema\\\/logo\\\/image\\\/\",\"url\":\"https:\\\/\\\/madeflex.com.co\\\/wp-content\\\/uploads\\\/2025\\\/06\\\/MADEFLEX-TRANS-scaled.png\",\"contentUrl\":\"https:\\\/\\\/madeflex.com.co\\\/wp-content\\\/uploads\\\/2025\\\/06\\\/MADEFLEX-TRANS-scaled.png\",\"width\":2560,\"height\":1862,\"caption\":\"Madeflex S.A\"},\"image\":{\"@id\":\"https:\\\/\\\/madeflex.com.co\\\/#\\\/schema\\\/logo\\\/image\\\/\"}}]}<\/script>\n<!-- \/ Yoast SEO plugin. -->","yoast_head_json":{"title":"Projects - Madeflex S.A.","robots":{"index":"index","follow":"follow","max-snippet":"max-snippet:-1","max-image-preview":"max-image-preview:large","max-video-preview":"max-video-preview:-1"},"canonical":"https:\/\/madeflex.com.co\/proyectos\/","og_locale":"en_US","og_type":"article","og_title":"Projects - Madeflex S.A.","og_description":"clients MarvalFIRENZE COCUY AZUCENA SOLARIO LAURELMarval SASCHAMONIX LA CABRERA LA PALMA LA PE\u00d1A LOIRA PASEO SAN RAFAEL ET 1 CONSTRUCTORA CAPITAL BOGOTA SAS FLORECER LOS PINOS PRIMAVERA SERENA VENTURA ALEGR\u00cdA ZEFIRO CONSTRUCTORA CAPITAL MEDELL\u00cdNBIOCITY GRAN BIOCITY EPIC BOSQUE DEL R\u00cdO ONIX CORALINA URBANILY POL\u00cdTICOS URBANILY 1 POL\u00cdTICOS URBANILY 2 ARTIKO NATURE AQUA CONINSALAS PALMAS &#8211; [&hellip;]","og_url":"https:\/\/madeflex.com.co\/proyectos\/","og_site_name":"Madeflex S.A.","article_modified_time":"2025-08-19T19:04:29+00:00","og_image":[{"width":1200,"height":675,"url":"https:\/\/madeflex.com.co\/wp-content\/uploads\/2025\/08\/Portada-Madeflex.jpg","type":"image\/jpeg"}],"twitter_card":"summary_large_image","twitter_misc":{"Est. reading time":"1 minute"},"schema":{"@context":"https:\/\/schema.org","@graph":[{"@type":"WebPage","@id":"https:\/\/madeflex.com.co\/proyectos\/","url":"https:\/\/madeflex.com.co\/proyectos\/","name":"Projects - Madeflex S.A.","isPartOf":{"@id":"https:\/\/madeflex.com.co\/#website"},"datePublished":"2025-06-27T03:58:04+00:00","dateModified":"2025-08-19T19:04:29+00:00","breadcrumb":{"@id":"https:\/\/madeflex.com.co\/proyectos\/#breadcrumb"},"inLanguage":"en-US","potentialAction":[{"@type":"ReadAction","target":["https:\/\/madeflex.com.co\/proyectos\/"]}]},{"@type":"BreadcrumbList","@id":"https:\/\/madeflex.com.co\/proyectos\/#breadcrumb","itemListElement":[{"@type":"ListItem","position":1,"name":"Portada","item":"https:\/\/madeflex.com.co\/en\/"},{"@type":"ListItem","position":2,"name":"Projects"}]},{"@type":"WebSite","@id":"https:\/\/madeflex.com.co\/#website","url":"https:\/\/madeflex.com.co\/","name":"Madeflex S.A.","description":"M\u00e1s de 75 a\u00f1os transformando la madera en soluciones confiables. Desde 1947, Madeflex ha desarrollado productos de madera de alta calidad para Colombia y el mundo. Con tecnolog\u00eda, sostenibilidad y un compromiso constante con la excelencia, creamos puertas, cl\u00f3sets y soluciones que perduran.","publisher":{"@id":"https:\/\/madeflex.com.co\/#organization"},"potentialAction":[{"@type":"SearchAction","target":{"@type":"EntryPoint","urlTemplate":"https:\/\/madeflex.com.co\/?s={search_term_string}"},"query-input":{"@type":"PropertyValueSpecification","valueRequired":true,"valueName":"search_term_string"}}],"inLanguage":"en-US"},{"@type":"Organization","@id":"https:\/\/madeflex.com.co\/#organization","name":"Madeflex S.A","url":"https:\/\/madeflex.com.co\/","logo":{"@type":"ImageObject","inLanguage":"en-US","@id":"https:\/\/madeflex.com.co\/#\/schema\/logo\/image\/","url":"https:\/\/madeflex.com.co\/wp-content\/uploads\/2025\/06\/MADEFLEX-TRANS-scaled.png","contentUrl":"https:\/\/madeflex.com.co\/wp-content\/uploads\/2025\/06\/MADEFLEX-TRANS-scaled.png","width":2560,"height":1862,"caption":"Madeflex S.A"},"image":{"@id":"https:\/\/madeflex.com.co\/#\/schema\/logo\/image\/"}}]}},"_links":{"self":[{"href":"https:\/\/madeflex.com.co\/en\/wp-json\/wp\/v2\/pages\/4710","targetHints":{"allow":["GET"]}}],"collection":[{"href":"https:\/\/madeflex.com.co\/en\/wp-json\/wp\/v2\/pages"}],"about":[{"href":"https:\/\/madeflex.com.co\/en\/wp-json\/wp\/v2\/types\/page"}],"author":[{"embeddable":true,"href":"https:\/\/madeflex.com.co\/en\/wp-json\/wp\/v2\/users\/2"}],"replies":[{"embeddable":true,"href":"https:\/\/madeflex.com.co\/en\/wp-json\/wp\/v2\/comments?post=4710"}],"version-history":[{"count":9,"href":"https:\/\/madeflex.com.co\/en\/wp-json\/wp\/v2\/pages\/4710\/revisions"}],"predecessor-version":[{"id":5773,"href":"https:\/\/madeflex.com.co\/en\/wp-json\/wp\/v2\/pages\/4710\/revisions\/5773"}],"wp:attachment":[{"href":"https:\/\/madeflex.com.co\/en\/wp-json\/wp\/v2\/media?parent=4710"}],"curies":[{"name":"wp","href":"https:\/\/api.w.org\/{rel}","templated":true}]}}